{"id":9091,"date":"2020-11-13T12:51:27","date_gmt":"2020-11-13T09:51:27","guid":{"rendered":"http:\/\/akdenizolaygazetesi.com\/?page_id=9091"},"modified":"2023-01-12T13:11:40","modified_gmt":"2023-01-12T10:11:40","slug":"kunye","status":"publish","type":"page","link":"https:\/\/akdenizolaygazetesi.com\/?page_id=9091","title":{"rendered":"K\u00fcnye"},"content":{"rendered":"<p><a href=\"http:\/\/www.xn--mersingazetesi-p6hj.com\/\" target=\"_blank\" rel=\"noopener noreferrer\" data-link-id=\"3\">WWW.AKDEN\u0130ZOLAYGAZETES\u0130.COM<\/a> \u0130NTERNET HABER S\u0130TES\u0130<\/p>\n<div dir=\"auto\"><\/div>\n<div dir=\"auto\">G\u00dcNL\u00dcK S\u00dcREL\u0130 YAYIN<\/div>\n<div dir=\"auto\"><\/div>\n<div dir=\"auto\">Yay\u0131n Tarihi: 01.01.2005<\/div>\n<div dir=\"auto\"><\/div>\n<div dir=\"auto\">Kurucusu:<\/div>\n<div dir=\"auto\"><\/div>\n<div dir=\"auto\">Selahiddin AKKU\u015e<\/div>\n<div dir=\"auto\"><\/div>\n<div dir=\"auto\">Yay\u0131n Sahibi<\/div>\n<div dir=\"auto\"><\/div>\n<div dir=\"auto\">Selahiddin AKKU\u015e<\/div>\n<div dir=\"auto\"><\/div>\n<div dir=\"auto\">UETS &#8211; E-TEBL\u0130GAT ADRES\u0130: <span class=\"wmi-callto\">15995 &#8211; 99387 &#8211; 40843<\/span><\/div>\n<div dir=\"auto\"><\/div>\n<div dir=\"auto\"><a href=\"mailto:mersin@mersingazetesi.com\" target=\"_blank\" rel=\"noopener noreferrer\">mersin@mersingazetesi.com<\/a><\/div>\n<div dir=\"auto\"><\/div>\n<div dir=\"auto\"><span class=\"wmi-callto\">05322161448<\/span><\/div>\n<div dir=\"auto\"><\/div>\n<div dir=\"auto\">Genel Yay\u0131n Y\u00f6netmeni \/ Selahiddin AKKU\u015e<\/div>\n<div dir=\"auto\"><\/div>\n<div dir=\"auto\"><a href=\"mailto:akkusselahiddin@hotmail.com\" target=\"_blank\" rel=\"noopener noreferrer\">akkusselahiddin@hotmail.com<\/a><\/div>\n<div dir=\"auto\"><\/div>\n<div dir=\"auto\">Sorumlu Yaz\u0131 \u0130\u015fleri M\u00fcd\u00fcr\u00fc<\/div>\n<div dir=\"auto\"><\/div>\n<div dir=\"auto\">Selahiddin AKKU\u015e<\/div>\n<div dir=\"auto\"><\/div>\n<div dir=\"auto\"><a href=\"mailto:akkusselahiddin@hotmail.com\" target=\"_blank\" rel=\"noopener noreferrer\">akkusselahiddin@hotmail.com<\/a><\/div>\n<div dir=\"auto\"><\/div>\n<div dir=\"auto\"><span class=\"wmi-callto\">05322161448<\/span><\/div>\n<div dir=\"auto\"><\/div>\n<div dir=\"auto\">Temsilci Edit\u00f6r<\/div>\n<div dir=\"auto\"><\/div>\n<div dir=\"auto\">Bilal BAKIRD\u00d6VEN<\/div>\n<div dir=\"auto\"><\/div>\n<div dir=\"auto\"><a href=\"mailto:bilomanirvp33@gmail.com\" target=\"_blank\" rel=\"noopener noreferrer\">bilomanirvp33@gmail.com<\/a><\/div>\n<div dir=\"auto\"><\/div>\n<div dir=\"auto\"><span class=\"wmi-callto\">05386644972<\/span><\/div>\n<div dir=\"auto\"><\/div>\n<div dir=\"auto\">Adres: <a href=\"http:\/\/www.mersingazetesi.com\/\" target=\"_blank\" rel=\"noopener noreferrer\" data-link-id=\"4\">www.akdenizolaygazetesi.com<\/a><\/div>\n<div dir=\"auto\"><\/div>\n<div dir=\"auto\">Bah\u00e7e Mh. 4602 Sk. Hamle Apt. K:3<\/div>\n<div dir=\"auto\">Akdeniz\/MERS\u0130N<\/div>\n<div dir=\"auto\"><\/div>\n<div dir=\"auto\">Telefon: <span class=\"wmi-callto\">0324 2374001<\/span><\/div>\n<div dir=\"auto\"><\/div>\n<div dir=\"auto\">Mail Adresi: <a href=\"mailto:mersin@mersingazetesi.com\" target=\"_blank\" rel=\"noopener noreferrer\">mersin@mersingazetesi.com<\/a><\/div>\n","protected":false},"excerpt":{"rendered":"<p>WWW.AKDEN\u0130ZOLAYGAZETES\u0130.COM \u0130NTERNET HABER S\u0130TES\u0130 G\u00dcNL\u00dcK S\u00dcREL\u0130 YAYIN Yay\u0131n Tarihi: 01.01.2005 Kurucusu: Selahiddin AKKU\u015e Yay\u0131n Sahibi Selahiddin AKKU\u015e UETS &#8211; E-TEBL\u0130GAT ADRES\u0130: 15995 &#8211; 99387 &#8211; 40843 mersin@mersingazetesi.com 05322161448 Genel Yay\u0131n &hellip; <a href=\"https:\/\/akdenizolaygazetesi.com\/?page_id=9091\" class=\"more-link\">Devam\u0131n\u0131 Oku&#8230;<\/a><\/p>\n","protected":false},"author":1,"featured_media":0,"parent":0,"menu_order":0,"comment_status":"closed","ping_status":"closed","template":"","meta":[],"_links":{"self":[{"href":"https:\/\/akdenizolaygazetesi.com\/index.php?rest_route=\/wp\/v2\/pages\/9091"}],"collection":[{"href":"https:\/\/akdenizolaygazetesi.com\/index.php?rest_route=\/wp\/v2\/pages"}],"about":[{"href":"https:\/\/akdenizolaygazetesi.com\/index.php?rest_route=\/wp\/v2\/types\/page"}],"author":[{"embeddable":true,"href":"https:\/\/akdenizolaygazetesi.com\/index.php?rest_route=\/wp\/v2\/users\/1"}],"replies":[{"embeddable":true,"href":"https:\/\/akdenizolaygazetesi.com\/index.php?rest_route=%2Fwp%2Fv2%2Fcomments&post=9091"}],"version-history":[{"count":6,"href":"https:\/\/akdenizolaygazetesi.com\/index.php?rest_route=\/wp\/v2\/pages\/9091\/revisions"}],"predecessor-version":[{"id":23477,"href":"https:\/\/akdenizolaygazetesi.com\/index.php?rest_route=\/wp\/v2\/pages\/9091\/revisions\/23477"}],"wp:attachment":[{"href":"https:\/\/akdenizolaygazetesi.com\/index.php?rest_route=%2Fwp%2Fv2%2Fmedia&parent=9091"}],"curies":[{"name":"wp","href":"https:\/\/api.w.org\/{rel}","templated":true}]}}